{"id":2046,"date":"2023-01-24T20:20:34","date_gmt":"2023-01-24T20:20:34","guid":{"rendered":"https:\/\/ucnj.org\/boe\/?page_id=2046"},"modified":"2023-04-24T17:26:55","modified_gmt":"2023-04-24T17:26:55","slug":"primary-election-june-6-2023","status":"publish","type":"page","link":"https:\/\/ucnj.org\/boe\/primary-election-june-6-2023\/","title":{"rendered":"Primary Election \u2013 June 6, 2023"},"content":{"rendered":"\n<p class=\"has-text-align-center has-subtle-background-background-color has-background wp-block-paragraph\"><strong>English<\/strong><\/p>\n\n\n\n<ul>\n<li><a href=\"https:\/\/ucnj.org\/boe\/wp-content\/uploads\/sites\/16\/2023\/04\/Website-2023-Primary-Election-Advertising-Assistance-for-Persons-wit.pdf\">Website &#8211; 2023 Primary Election Advertising &#8211; Assistance for Persons wit&#8230;<\/a><\/li>\n<li><a href=\"https:\/\/ucnj.org\/boe\/wp-content\/uploads\/sites\/16\/2023\/04\/Website-2023-Primary-Election-Advertising-Challengers.pdf\">Website &#8211; 2023 Primary Election Advertising &#8211; Challengers<\/a><\/li>\n<li><a href=\"https:\/\/ucnj.org\/boe\/wp-content\/uploads\/sites\/16\/2023\/04\/Website-2023-Primary-Election-Advertising-Close-of-Registration.pdf\">Website &#8211; 2023 Primary Election Advertising &#8211; Close of Registration<\/a><\/li>\n<li><a href=\"https:\/\/ucnj.org\/boe\/wp-content\/uploads\/sites\/16\/2023\/04\/Website-2023-Primary-Election-Advertising-Counting-Provisional-Ballo.pdf\">Website &#8211; 2023 Primary Election Advertising &#8211; Counting Provisional Ballo&#8230;<\/a><\/li>\n<li><a href=\"https:\/\/ucnj.org\/boe\/wp-content\/uploads\/sites\/16\/2023\/04\/Website-2023-Primary-Election-Advertising-Election-Day-Challenging-P.pdf\">Website &#8211; 2023 Primary Election Advertising &#8211; Election Day Challenging P&#8230;<\/a><\/li>\n<li><a href=\"https:\/\/ucnj.org\/boe\/wp-content\/uploads\/sites\/16\/2023\/04\/Website-2023-Primary-Election-Advertising-Important-Info-for-Electio.pdf\">Website &#8211; 2023 Primary Election Advertising &#8211; Important Info for Electio&#8230;<\/a><\/li>\n<li><a href=\"https:\/\/ucnj.org\/boe\/wp-content\/uploads\/sites\/16\/2023\/04\/Website-2023-Primary-Election-Advertising-Inspection-of-Mail-In-Ball.pdf\">Website &#8211; 2023 Primary Election Advertising &#8211; Inspection of Mail In Ball&#8230;<\/a><\/li>\n<li><a href=\"https:\/\/ucnj.org\/boe\/wp-content\/uploads\/sites\/16\/2023\/04\/Website-2023-Primary-Election-Advertising-Party-Declaration.pdf\">Website &#8211; 2023 Primary Election Advertising &#8211; Party Declaration<\/a><\/li>\n<li><a href=\"https:\/\/ucnj.org\/boe\/wp-content\/uploads\/sites\/16\/2023\/04\/Website-2023-Primary-Election-Advertising-Primary-Election-Candidate.pdf\">Website &#8211; 2023 Primary Election Advertising &#8211; Primary Election Candidate&#8230;<\/a><\/li>\n<li><a href=\"https:\/\/ucnj.org\/boe\/wp-content\/uploads\/sites\/16\/2023\/04\/Website-2023-Primary-Election-Advertising-Public-Inspection-of-Votin.pdf\">Website &#8211; 2023 Primary Election Advertising &#8211; Public Inspection of Votin&#8230;<\/a><\/li>\n<li><a href=\"https:\/\/ucnj.org\/boe\/wp-content\/uploads\/sites\/16\/2023\/04\/Website-2023-Primary-Election-Advertising-Test-of-Tabulation-Equipme.pdf\">Website &#8211; 2023 Primary Election Advertising &#8211; Test of Tabulation Equipme&#8230;<\/a> <\/li>\n<\/ul>\n\n\n\n<p class=\"has-text-align-center has-subtle-background-background-color has-background wp-block-paragraph\"><strong>Spanish<\/strong><\/p>\n\n\n\n<ul>\n<li><a href=\"https:\/\/ucnj.org\/boe\/wp-content\/uploads\/sites\/16\/2023\/04\/Spanish-2023-Primary-Election-Advertising-TODOS-LOS-VOTANTES-REGISTRADOS-Election-Day-Challenging-Procedures.pdf\">Spanish &#8211; 2023 Primary Election Advertising &#8211; TODOS LOS VOTANTES REGISTRADOS &#8211; Election Day Challenging Procedures<\/a><\/li>\n<li><a href=\"https:\/\/ucnj.org\/boe\/wp-content\/uploads\/sites\/16\/2023\/04\/Spanish-2023-Primary-Election-Advertising-INFORMACION-PARA-LOS-VOTANTES-CON-REFERENCIA-AL-DIA-DE-LA-ELECCION-Important-Information-for-Election-Day.pdf\">Spanish &#8211; 2023 Primary Election Advertising -INFORMACI\u00d3N PARA LOS VOTANTES CON REFERENCIA AL D\u00cdA DE LA ELECCI\u00d3N -Important Information for Election Day<\/a><\/li>\n<li><a href=\"https:\/\/ucnj.org\/boe\/wp-content\/uploads\/sites\/16\/2023\/04\/Spanish-2023-Primary-Election-Advertising-DICTAMEN-DE-LOS-RESULTADOS-Y-EL-CONTEO-DE-LAS-BOLETAS-PROVISIONALES-Count-Provisional-Ballots.pdf\">Spanish &#8211; 2023 Primary Election Advertising &#8211; DICTAMEN DE LOS RESULTADOS Y EL CONTEO DE LAS BOLETAS PROVISIONALES &#8211; Count Provisional Ballots<\/a><\/li>\n<li><a href=\"https:\/\/ucnj.org\/boe\/wp-content\/uploads\/sites\/16\/2023\/04\/Spanish-2023-Primary-Election-Advertising-EL-CIERRE-DE-REGISTRO-PARA-LA-ELECCION-PRIMARIA-close-of-registration-.pdf\">Spanish &#8211; 2023 Primary Election Advertising &#8211; EL CIERRE DE REGISTRO PARA LA ELECCI\u00d3N PRIMARIA &#8211; close of registration<\/a><\/li>\n<li><a href=\"https:\/\/ucnj.org\/boe\/wp-content\/uploads\/sites\/16\/2023\/04\/Spanish-2023-Primary-Election-Advertising-LA-ASISTENCIA-PARA-PERSONAS-CON-DISCAPACIDADES-assistance-for-persons-w-disabilities.pdf\">Spanish &#8211; 2023 Primary Election Advertising &#8211; LA ASISTENCIA PARA PERSONAS CON DISCAPACIDADES &#8211; assistance for persons w disabilities<\/a><\/li>\n<li><a href=\"https:\/\/ucnj.org\/boe\/wp-content\/uploads\/sites\/16\/2023\/04\/Spanish-2023-Primary-Election-Advertising-LA-DESIGNACION-DE-OPOSITORES-Challengers.pdf\">Spanish &#8211; 2023 Primary Election Advertising &#8211; LA DESIGNACI\u00d3N DE OPOSITORES &#8211; Challengers<\/a><\/li>\n<li><a href=\"https:\/\/ucnj.org\/boe\/wp-content\/uploads\/sites\/16\/2023\/04\/Spanish-2023-Primary-Election-Advertising-LA-INSPECCION-DE-LAS-BOLETAS-DE-VOTACION-POR-CORREO-Inspection-of-Mail-In-Ballots.pdf\">Spanish &#8211; 2023 Primary Election Advertising &#8211; LA INSPECCI\u00d3N DE LAS BOLETAS DE VOTACI\u00d3N POR CORREO &#8211; Inspection of Mail In Ballots<\/a><\/li>\n<li><a href=\"https:\/\/ucnj.org\/boe\/wp-content\/uploads\/sites\/16\/2023\/04\/Spanish-2023-Primary-Election-Advertising-LA-INSPECCION-DE-LAS-MAQUINAS-DE-VOTACION-Public-Inspection-of-Voting-Machines.pdf\">Spanish &#8211; 2023 Primary Election Advertising &#8211; LA INSPECCI\u00d3N DE LAS M\u00c1QUINAS DE VOTACI\u00d3N &#8211; Public Inspection of Voting Machines<\/a><\/li>\n<li><a href=\"https:\/\/ucnj.org\/boe\/wp-content\/uploads\/sites\/16\/2023\/04\/Spanish-2023-Primary-Election-Advertising-LA-PRUEBA-DEL-EQUIPO-DE-TABULACION-AUTOMATICO-Test-of-Tabulation-Equipment.pdf\">Spanish &#8211; 2023 Primary Election Advertising &#8211; LA PRUEBA DEL EQUIPO DE TABULACI\u00d3N AUTOM\u00c1TICO &#8211; Test of Tabulation Equipment<\/a><\/li>\n<li><a href=\"https:\/\/ucnj.org\/boe\/wp-content\/uploads\/sites\/16\/2023\/04\/Spanish-2023-Primary-Election-Advertising-LOS-CARGOS-PUBLICOS-QUE-SE-OCUPARAN-SE-INDICAN-A-CONTINUACION-Primary-Election-Candidates.pdf\">Spanish &#8211; 2023 Primary Election Advertising &#8211; LOS CARGOS P\u00daBLICOS QUE SE OCUPAR\u00c1N SE INDICAN A CONTINUACI\u00d3N &#8211; Primary Election Candidates<\/a><\/li>\n<li><a href=\"https:\/\/ucnj.org\/boe\/wp-content\/uploads\/sites\/16\/2023\/04\/Spanish-2023-Primary-Election-Advertising-Party-Declaration-2-24-23.pdf\">Spanish &#8211; 2023 Primary Election Advertising &#8211; Party Declaration &#8211; 2-24-23<\/a><\/li>\n<\/ul>\n","protected":false},"excerpt":{"rendered":"<p>English Website &#8211; 2023 Primary Election Advertising &#8211; Assistance for Persons wit&#8230; Website &#8211; 2023 Primary Election Advertising &#8211; Challengers Website &#8211; 2023 Primary Election Advertising &#8211; Close of Registration Website &#8211; 2023 Primary Election Advertising &#8211; Counting Provisional Ballo&#8230; Website &#8211; 2023 Primary Election Advertising &#8211; Election Day Challenging P&#8230; Website &#8211; 2023 Primary&hellip;<\/p>\n","protected":false},"author":1,"featured_media":0,"parent":0,"menu_order":0,"comment_status":"closed","ping_status":"closed","template":"","meta":{"_acf_changed":false,"_crdt_document":"","footnotes":""},"class_list":["post-2046","page","type-page","status-publish","hentry"],"acf":[],"publishpress_future_action":{"enabled":false,"date":"1970-01-01 00:00:00","action":"","terms":[],"taxonomy":"","browser_timezone_offset":0},"jetpack_sharing_enabled":true,"_links":{"self":[{"href":"https:\/\/ucnj.org\/boe\/wp-json\/wp\/v2\/pages\/2046","targetHints":{"allow":["GET"]}}],"collection":[{"href":"https:\/\/ucnj.org\/boe\/wp-json\/wp\/v2\/pages"}],"about":[{"href":"https:\/\/ucnj.org\/boe\/wp-json\/wp\/v2\/types\/page"}],"author":[{"embeddable":true,"href":"https:\/\/ucnj.org\/boe\/wp-json\/wp\/v2\/users\/1"}],"replies":[{"embeddable":true,"href":"https:\/\/ucnj.org\/boe\/wp-json\/wp\/v2\/comments?post=2046"}],"version-history":[{"count":0,"href":"https:\/\/ucnj.org\/boe\/wp-json\/wp\/v2\/pages\/2046\/revisions"}],"wp:attachment":[{"href":"https:\/\/ucnj.org\/boe\/wp-json\/wp\/v2\/media?parent=2046"}],"curies":[{"name":"wp","href":"https:\/\/api.w.org\/{rel}","templated":true}]}}