{"id":2899,"date":"2024-11-22T15:35:21","date_gmt":"2024-11-22T15:35:21","guid":{"rendered":"https:\/\/ucnj.org\/boe\/?page_id=2899"},"modified":"2024-12-05T15:52:29","modified_gmt":"2024-12-05T15:52:29","slug":"january-28-2025-scotch-plains-fanwood-special-school-election","status":"publish","type":"page","link":"https:\/\/ucnj.org\/boe\/january-28-2025-scotch-plains-fanwood-special-school-election\/","title":{"rendered":"January 28, 2025 \u2013 Scotch Plains \u2013 Fanwood Special School Election"},"content":{"rendered":"\n<p><strong>English<\/strong><\/p>\n<ul>\n<li><a href=\"https:\/\/ucnj.org\/boe\/wp-content\/uploads\/sites\/16\/2024\/11\/W-2025-ScPl-FA-Special-School-Election-Advertising-Assistance-for-Persons-with-Disabilities-1.pdf\">Assistance for Persons with Disabilities<\/a><\/li>\n<li><a href=\"https:\/\/ucnj.org\/boe\/wp-content\/uploads\/sites\/16\/2024\/11\/W-2025-ScPl-FA-Special-School-Election-Advertising-Challengers-1.pdf\">Challengers<\/a><\/li>\n<li><a href=\"https:\/\/ucnj.org\/boe\/wp-content\/uploads\/sites\/16\/2024\/11\/W-2025-ScPl-FA-Special-School-Election-Advertising-Close-of-Registration-1.pdf\">Close of Registration<\/a><\/li>\n<li><a href=\"https:\/\/ucnj.org\/boe\/wp-content\/uploads\/sites\/16\/2024\/11\/W-2025-ScPl-FA-Special-School-Election-Advertising-Counting-Provisional-Ballots-1.pdf\">Counting Provisional Ballots<\/a><\/li>\n<li><a href=\"https:\/\/ucnj.org\/boe\/wp-content\/uploads\/sites\/16\/2024\/11\/W-2025-ScPl-FA-Special-School-Election-Advertising-Election-Day-Challenging-Procedures-1.pdf\">Election Day Challenging Procedures<\/a><\/li>\n<li><a href=\"https:\/\/ucnj.org\/boe\/wp-content\/uploads\/sites\/16\/2024\/11\/W-2025-ScPl-FA-Special-School-Election-Advertising-Important-Info-for-Election-Day-1.pdf\">Important Info for Election Day<\/a><\/li>\n<li><a href=\"https:\/\/ucnj.org\/boe\/wp-content\/uploads\/sites\/16\/2024\/11\/W-2025-ScPl-FA-Special-School-Election-Advertising-Inspection-of-Mail-In-Ballots-1.pdf\">Inspection of Mail In Ballots<\/a><\/li>\n<li><a href=\"https:\/\/ucnj.org\/boe\/wp-content\/uploads\/sites\/16\/2024\/11\/W-2025-ScPl-FA-Special-School-Election-Advertising-Public-Inspection-of-Voting-Machines-1.pdf\">Public Inspection of Voting Machines<\/a><\/li>\n<li><a href=\"https:\/\/ucnj.org\/boe\/wp-content\/uploads\/sites\/16\/2024\/11\/W-2025-ScPl-FA-Special-School-Election-Advertising-Test-of-Tabulation-Equipment-1.pdf\">Test of Tabulation Equipment<\/a><\/li>\n<li><a href=\"https:\/\/ucnj.org\/boe\/wp-content\/uploads\/sites\/16\/2024\/11\/W-2025-ScPl-FA-Special-School-Election-Advertising-Public-Questions.pdf\">Public Questions<\/a><\/li>\n<\/ul>\n<p><strong>Spanish<\/strong><\/p>\n<ul>\n<li><a href=\"https:\/\/ucnj.org\/boe\/wp-content\/uploads\/sites\/16\/2024\/11\/W-Spanish-2025-ScPl-FA-Special-School-Election-Advertising-Le-Informa-el-Siguiente-Procedimiento-Election-Day-Challenging-Procedures.pdf\">Le Informa el Siguiente Procedimiento<\/a><\/li>\n<li><a href=\"https:\/\/ucnj.org\/boe\/wp-content\/uploads\/sites\/16\/2024\/11\/W-Spanish-2025-ScPl-FA-Special-School-Election-Advertising-ASSISTANCIA-PARA-PERSONAS-CON-DISCAPACIDADES.pdf\">ASSISTANCIA PARA PERSONAS CON DISCAPACIDADES<\/a><\/li>\n<li><a href=\"https:\/\/ucnj.org\/boe\/wp-content\/uploads\/sites\/16\/2024\/11\/W-Spanish-2025-ScPl-FA-Special-School-Election-Advertising-CONTEO-DE-LAS-BOLETAS-PROVISIONALES-Counting-Provisional-Ballots.pdf\">\u00a0CONTEO DE LAS BOLETAS PROVISIONALES<\/a><\/li>\n<li><a href=\"https:\/\/ucnj.org\/boe\/wp-content\/uploads\/sites\/16\/2024\/11\/W-Spanish-2025-ScPl-FA-Special-School-Election-Advertising-DESIGNACION-DE-OPOSITORES-Challengers.pdf\">DESIGNACI\u00d3N DE OPOSITORES<\/a><\/li>\n<li><a href=\"https:\/\/ucnj.org\/boe\/wp-content\/uploads\/sites\/16\/2024\/11\/W-Spanish-2025-ScPl-FA-Special-School-Election-Advertising-INSPECCION-DE-LAS-MAQUINAS-DE-VOTACION-Public-Inspection-of-Voting-Machines.pdf\">INSPECCI\u00d3N DE LAS M\u00c1QUINAS DE VOTACI\u00d3N<br \/><\/a><\/li>\n<li><a href=\"https:\/\/ucnj.org\/boe\/wp-content\/uploads\/sites\/16\/2024\/11\/W-Spanish-2025-ScPl-FA-Special-School-Election-Advertising-LA-INSPECCION-DE-LAS-BOLETAS-DE-VOTACION-POR-CORREO.pdf\">LA INSPECCI\u00d3N DE LAS BOLETAS DE VOTACI\u00d3N POR CORREO<\/a><\/li>\n<li><a href=\"https:\/\/ucnj.org\/boe\/wp-content\/uploads\/sites\/16\/2024\/11\/W-Spanish-2025-ScPl-FA-Special-School-Election-Advertising-LA-PRUEBA-DEL-EQUIPO-DE-TABULACION-AUTOMATICO-Test-of-Tabulation-Equipment.pdf\">\u00a0LA PRUEBA DEL EQUIPO DE TABULACI\u00d3N AUTOM\u00c1TICO<br \/><\/a><\/li>\n<li><a href=\"https:\/\/ucnj.org\/boe\/wp-content\/uploads\/sites\/16\/2024\/11\/W-Spanish-2025-ScPl-FA-Special-School-Election-Advertising-INFORMACION-PARA-LOS-VOTANTES-Important-Information-for-Election-Day.pdf\">NFORMACI\u00d3N PARA LOS VOTANTES<\/a><\/li>\n<li><a href=\"https:\/\/ucnj.org\/boe\/wp-content\/uploads\/sites\/16\/2024\/11\/W-Spanish-2024-ScPl-FA-Special-School-Election-Advertising-CIERRE-DE-REGISTRO-Close-of-Registration.pdf\">CIERRE DE REGISTRO<\/a><\/li>\n<li><a href=\"https:\/\/ucnj.org\/boe\/wp-content\/uploads\/sites\/16\/2024\/12\/W-Spanish-2025-ScPl-FA-Special-School-Election-Advertising-LAS-PREGUNTAS-PUBLIC-QUESTIONS.pdf\">LAS PREGUNTAS &#8211; PUBLIC QUESTIONS<\/a><\/li>\n<\/ul>\n","protected":false},"excerpt":{"rendered":"<p>English Assistance for Persons with Disabilities Challengers Close of Registration Counting Provisional Ballots Election Day Challenging Procedures Important Info for Election Day Inspection of Mail In Ballots Public Inspection of Voting Machines Test of Tabulation Equipment Public Questions Spanish Le Informa el Siguiente Procedimiento ASSISTANCIA PARA PERSONAS CON DISCAPACIDADES \u00a0CONTEO DE LAS BOLETAS PROVISIONALES DESIGNACI\u00d3N&hellip;<\/p>\n","protected":false},"author":1,"featured_media":0,"parent":0,"menu_order":0,"comment_status":"closed","ping_status":"closed","template":"","meta":{"_crdt_document":"","footnotes":""},"class_list":["post-2899","page","type-page","status-publish","hentry"],"publishpress_future_action":{"enabled":false,"date":"1970-01-01 00:00:00","action":"","terms":[],"taxonomy":"","browser_timezone_offset":0},"jetpack_sharing_enabled":true,"_links":{"self":[{"href":"https:\/\/ucnj.org\/boe\/wp-json\/wp\/v2\/pages\/2899","targetHints":{"allow":["GET"]}}],"collection":[{"href":"https:\/\/ucnj.org\/boe\/wp-json\/wp\/v2\/pages"}],"about":[{"href":"https:\/\/ucnj.org\/boe\/wp-json\/wp\/v2\/types\/page"}],"author":[{"embeddable":true,"href":"https:\/\/ucnj.org\/boe\/wp-json\/wp\/v2\/users\/1"}],"replies":[{"embeddable":true,"href":"https:\/\/ucnj.org\/boe\/wp-json\/wp\/v2\/comments?post=2899"}],"version-history":[{"count":0,"href":"https:\/\/ucnj.org\/boe\/wp-json\/wp\/v2\/pages\/2899\/revisions"}],"wp:attachment":[{"href":"https:\/\/ucnj.org\/boe\/wp-json\/wp\/v2\/media?parent=2899"}],"curies":[{"name":"wp","href":"https:\/\/api.w.org\/{rel}","templated":true}]}}