{"id":2959,"date":"2025-02-27T14:55:34","date_gmt":"2025-02-27T14:55:34","guid":{"rendered":"https:\/\/ucnj.org\/boe\/?page_id=2959"},"modified":"2025-02-27T14:55:34","modified_gmt":"2025-02-27T14:55:34","slug":"april-152025-westfield-annual-school-board-election-public-notices","status":"publish","type":"page","link":"https:\/\/ucnj.org\/boe\/april-152025-westfield-annual-school-board-election-public-notices\/","title":{"rendered":"April 15,2025 Westfield Annual School Board Election Public Notices"},"content":{"rendered":"\n<p class=\"has-subtle-background-background-color has-background wp-block-paragraph\"><strong>English<\/strong><\/p>\n\n\n\n<ul>\n<li><a href=\"https:\/\/ucnj.org\/boe\/wp-content\/uploads\/sites\/16\/2025\/02\/Website-WE2025-Election-Advertising-Close-of-Registration.pdf\">Close of Registration<\/a>\u00a0<\/li>\n<li><a href=\"https:\/\/ucnj.org\/boe\/wp-content\/uploads\/sites\/16\/2025\/02\/Website-WE2025-Election-Advertising-Counting-Provisional-Ballots.pdf\">Counting Provisional Ballots<\/a>\u00a0<\/li>\n<li><a href=\"https:\/\/ucnj.org\/boe\/wp-content\/uploads\/sites\/16\/2025\/02\/Website-WE2025-Election-Advertising-Election-Day-Challenging-Procedures.pdf\">Election Day Challenging Procedures<\/a>\u00a0<\/li>\n<li><a href=\"https:\/\/ucnj.org\/boe\/wp-content\/uploads\/sites\/16\/2025\/02\/Website-WE2025-Election-Advertising-Important-Info-for-Election-Day.pdf\">Important Info for Election Day<\/a>\u00a0<\/li>\n<li><a href=\"https:\/\/ucnj.org\/boe\/wp-content\/uploads\/sites\/16\/2025\/02\/Website-WE2025-Election-Advertising-Inspection-of-Mail-In-Ballots.pdf\">Inspection of Mail In Ballots<\/a>\u00a0<\/li>\n<li><a href=\"https:\/\/ucnj.org\/boe\/wp-content\/uploads\/sites\/16\/2025\/02\/Website-WE2025-Election-Advertising-Public-Inspection-of-Voting-Machines.pdf\">Public Inspection of Voting Machines<\/a><\/li>\n<li><a href=\"https:\/\/ucnj.org\/boe\/wp-content\/uploads\/sites\/16\/2025\/02\/Website-WE2025-Election-Advertising-Test-of-Tabulation-Equipment.pdf\">Test of Tabulation Equipment<\/a>\u00a0<\/li>\n<li><a href=\"https:\/\/ucnj.org\/boe\/wp-content\/uploads\/sites\/16\/2025\/02\/Website-WE2025-Election-Advertising-Announcement-of-Election-doc.pdf\">Announcement of Election<\/a><\/li>\n<li><a href=\"https:\/\/ucnj.org\/boe\/wp-content\/uploads\/sites\/16\/2025\/02\/Website-WE2025-Election-Advertising-Assistance-for-Persons-with-Disabilities.pdf\">Assistance for Persons with Disabilities<\/a><\/li>\n<li><a href=\"https:\/\/ucnj.org\/boe\/wp-content\/uploads\/sites\/16\/2025\/02\/Website-WE2025-Election-Advertising-Challengers.pdf\">Challengers<\/a><\/li>\n<\/ul>\n\n\n\n<p class=\"has-subtle-background-background-color has-background wp-block-paragraph\"><strong>Spanish<\/strong><\/p>\n\n\n\n<ul>\n<li><a href=\"https:\/\/ucnj.org\/boe\/wp-content\/uploads\/sites\/16\/2025\/02\/Spanish-WE-Annual-School-Board-Election-Advertising-ASSISTANCIA-PARA-PERSONAS-CON-DISCAPACIDADES-Assistance-for-Persons-with-Disabilities.pdf\">ASSISTANCIA PARA PERSONAS CON DISCAPACIDADES (Assistance for Persons with Disabilities)<\/a>\u00a0<\/li>\n<li><a href=\"https:\/\/ucnj.org\/boe\/wp-content\/uploads\/sites\/16\/2025\/02\/Spanish-WE-Annual-School-Board-Election-Advertising-CONTEO-DE-LAS-BOLETAS-PROVISIONALES-Counting-Provisional-Ballots.pdf\">CONTEO DE LAS BOLETAS PROVISIONALES (Counting Provisional Ballots)<\/a><\/li>\n<li>\u00a0<a href=\"https:\/\/ucnj.org\/boe\/wp-content\/uploads\/sites\/16\/2025\/02\/Spanish-WE-Annual-School-Board-Election-Advertising-INSPECCION-DE-LAS-MAQUINAS-DE-VOTACION-Public-Inspection-of-Voting-Machines.pdf\">INSPECCI\u00d3N DE LAS M\u00c1QUINAS DE VOTACI\u00d3N (Public Inspection of Voting Machines)<\/a><\/li>\n<li><a href=\"https:\/\/ucnj.org\/boe\/wp-content\/uploads\/sites\/16\/2025\/02\/Spanish-WE-Annual-School-Board-Election-Advertising-LA-PRUEBA-DEL-EQUIPO-DE-TABULACION-AUTOMATICO-Test-of-Tabulation-Equipment.pdf\">LA PRUEBA DEL EQUIPO DE TABULACI\u00d3N AUTOM\u00c1TICO (Test of Tabulation Equipment)<\/a><\/li>\n<li><a href=\"https:\/\/ucnj.org\/boe\/wp-content\/uploads\/sites\/16\/2025\/02\/Spanish-WE-Annual-School-Board-Election-Advertising-INFORMACION-PARA-LOS-VOTANTES-Important-Information-for-Election-Day.pdf\">INFORMACI\u00d3N PARA LOS VOTANTES ( Important Information for Election Day)<\/a>\u00a0<\/li>\n<li><a href=\"https:\/\/ucnj.org\/boe\/wp-content\/uploads\/sites\/16\/2025\/02\/Spanish-WE-School-Board-Election-Advertising-DESIGNACION-DE-OPOSITORES-Challengers.pdf\">DESIGNACI\u00d3N DE OPOSITORES (Challengers)<\/a>\u00a0<\/li>\n<li><a href=\"https:\/\/ucnj.org\/boe\/wp-content\/uploads\/sites\/16\/2025\/02\/Spanish-WE-Annual-School-Board-Election-Advertising-CIERRE-DE-REGISTRO-Close-of-Registration.pdf\">\u00a0CIERRE DE REGISTRO (Close of Registration)<\/a><\/li>\n<li>\u00a0<a href=\"https:\/\/ucnj.org\/boe\/wp-content\/uploads\/sites\/16\/2025\/02\/Spanish-WE-Annual-School-Board-Election-Advertising-Le-Informa-el-Siguiente-Procedimiento-Election-Day-Challenging-Procedures.pdf\">Le Informa el Siguiente Procedimiento (Election Day Challenging Procedures)<\/a><\/li>\n<li><a href=\"https:\/\/ucnj.org\/boe\/wp-content\/uploads\/sites\/16\/2025\/02\/Spanish-WE-Annual-School-Board-Advertising-LA-INSPECCION-DE-LAS-BOLETAS-DE-VOTACION-POR-CORREO-Public-Inspection-of-Mail-in-Ballots.pdf\">Spanish &#8211; WE Annual School Board Advertising &#8211; LA INSPECCI\u00d3N DE LAS BOLETAS DE VOTACI\u00d3N POR CORREO (Public Inspection of Mail in Ballots)<\/a><\/li>\n<\/ul>\n","protected":false},"excerpt":{"rendered":"<p>English Close of Registration\u00a0 Counting Provisional Ballots\u00a0 Election Day Challenging Procedures\u00a0 Important Info for Election Day\u00a0 Inspection of Mail In Ballots\u00a0 Public Inspection of Voting Machines Test of Tabulation Equipment\u00a0 Announcement of Election Assistance for Persons with Disabilities Challengers Spanish ASSISTANCIA PARA PERSONAS CON DISCAPACIDADES (Assistance for Persons with Disabilities)\u00a0 CONTEO DE LAS BOLETAS PROVISIONALES&hellip;<\/p>\n","protected":false},"author":1,"featured_media":0,"parent":0,"menu_order":0,"comment_status":"closed","ping_status":"closed","template":"","meta":{"_crdt_document":"","footnotes":""},"class_list":["post-2959","page","type-page","status-publish","hentry"],"publishpress_future_action":{"enabled":false,"date":"1970-01-01 00:00:00","action":"","terms":[],"taxonomy":"","browser_timezone_offset":0},"jetpack_sharing_enabled":true,"_links":{"self":[{"href":"https:\/\/ucnj.org\/boe\/wp-json\/wp\/v2\/pages\/2959","targetHints":{"allow":["GET"]}}],"collection":[{"href":"https:\/\/ucnj.org\/boe\/wp-json\/wp\/v2\/pages"}],"about":[{"href":"https:\/\/ucnj.org\/boe\/wp-json\/wp\/v2\/types\/page"}],"author":[{"embeddable":true,"href":"https:\/\/ucnj.org\/boe\/wp-json\/wp\/v2\/users\/1"}],"replies":[{"embeddable":true,"href":"https:\/\/ucnj.org\/boe\/wp-json\/wp\/v2\/comments?post=2959"}],"version-history":[{"count":0,"href":"https:\/\/ucnj.org\/boe\/wp-json\/wp\/v2\/pages\/2959\/revisions"}],"wp:attachment":[{"href":"https:\/\/ucnj.org\/boe\/wp-json\/wp\/v2\/media?parent=2959"}],"curies":[{"name":"wp","href":"https:\/\/api.w.org\/{rel}","templated":true}]}}