{"id":3130,"date":"2025-09-18T13:45:53","date_gmt":"2025-09-18T13:45:53","guid":{"rendered":"https:\/\/ucnj.org\/boe\/?page_id=3130"},"modified":"2025-09-18T13:45:53","modified_gmt":"2025-09-18T13:45:53","slug":"december-2-2025-hillside-runoff-public-notices","status":"publish","type":"page","link":"https:\/\/ucnj.org\/boe\/december-2-2025-hillside-runoff-public-notices\/","title":{"rendered":"December 2, 2025 &#8211; Hillside Runoff Public Notices"},"content":{"rendered":"\n<p class=\"has-subtle-background-background-color has-background wp-block-paragraph\"><strong>English<\/strong><\/p>\n\n\n\n<ul class=\"wp-block-list has-primary-color has-text-color has-link-color wp-elements-a625adab0f23cd5e31d3d15e04a6aa10\">\n<li><a href=\"https:\/\/ucnj.org\/boe\/wp-content\/uploads\/sites\/16\/2025\/09\/W-2025-HI-Runoff-Election-Advertising-Close-of-Registration-1.pdf\">Close of Registration<\/a><\/li>\n\n\n\n<li><a href=\"https:\/\/ucnj.org\/boe\/wp-content\/uploads\/sites\/16\/2025\/09\/W-2025-HI-Runoff-Election-Advertising-Count-Provisional-Ballots-1.pdf\">Count Provisional Ballots<\/a><\/li>\n\n\n\n<li><a href=\"https:\/\/ucnj.org\/boe\/wp-content\/uploads\/sites\/16\/2025\/09\/W-2025-HI-Runoff-Election-Advertising-Election-Day-Challenging-Procedures-1.pdf\">Election Day Challenging Procedures<\/a><\/li>\n\n\n\n<li><a href=\"https:\/\/ucnj.org\/boe\/wp-content\/uploads\/sites\/16\/2025\/09\/W-2025-HI-Runoff-Election-Advertising-Important-Info-for-Election-Day-1.pdf\">Important Info for Election Day<\/a><\/li>\n\n\n\n<li><a href=\"https:\/\/ucnj.org\/boe\/wp-content\/uploads\/sites\/16\/2025\/09\/W-2025-HI-Runoff-Election-Advertising-Inspection-of-Mail-In-Ballots-1.pdf\">Inspection of Mail In Ballots<\/a><\/li>\n\n\n\n<li><a href=\"https:\/\/ucnj.org\/boe\/wp-content\/uploads\/sites\/16\/2025\/09\/W-2025-HI-Runoff-Election-Advertising-Public-Inspection-of-Voting-Machines-1.pdf\">Public Inspection of Voting Machines<\/a><\/li>\n\n\n\n<li><a href=\"https:\/\/ucnj.org\/boe\/wp-content\/uploads\/sites\/16\/2025\/09\/W-2025-HI-Runoff-Election-Advertising-Test-of-Tabulation-Equipment-1.pdf\">Test of Tabulation Equipment<\/a><\/li>\n\n\n\n<li><a href=\"https:\/\/ucnj.org\/boe\/wp-content\/uploads\/sites\/16\/2025\/09\/W-2025-HI-Runoff-Election-Advertising-Assistance-for-Persons-with-Disabilities-1.pdf\">Assistance for Persons with Disabilities<\/a><\/li>\n\n\n\n<li><a href=\"https:\/\/ucnj.org\/boe\/wp-content\/uploads\/sites\/16\/2025\/09\/W-2025-HI-Runoff-Election-Advertising-Challengers-1.pdf\">Challengers<\/a><\/li>\n<\/ul>\n\n\n\n<p class=\"has-subtle-background-background-color has-background wp-block-paragraph\"><strong>Spanish<\/strong><\/p>\n\n\n\n<ul class=\"wp-block-list has-primary-color has-text-color has-link-color wp-elements-c2b57c7907ef6199caffe0c4053673f2\">\n<li><a href=\"https:\/\/ucnj.org\/boe\/wp-content\/uploads\/sites\/16\/2025\/09\/W-SP-2025-Hillside-Runoff-Advertising-LA-INSPECCION-DE-LAS-MAQUINAS-DE-VOTACION-Public-Inspection-of-Voting-Machines.pdf\">LA INSPECCI\u00d3N DE LAS M\u00c1QUINAS DE VOTACI\u00d3N (Public Inspection of Voting Machines)<\/a><\/li>\n\n\n\n<li><a href=\"https:\/\/ucnj.org\/boe\/wp-content\/uploads\/sites\/16\/2025\/09\/W-SP-2025-Hillside-Runoff-Election-Ad-INFORMACION-PARA-LOS-VOTANTES-CON-REFERENCIA-AL-DIA-DE-LA-ELECCION-Important-Information-for-Election-Day.pdf\">INFORMACI\u00d3N PARA LOS VOTANTES CON REFERENCIA AL D\u00cdA DE LA ELECCI\u00d3N (Important Information for Election Day)<\/a><\/li>\n\n\n\n<li><a href=\"https:\/\/ucnj.org\/boe\/wp-content\/uploads\/sites\/16\/2025\/09\/W-SP-2025-Hillside-Runoff-Election-Advertising-ASISTENCIA-PARA-PERSONAS-CON-DISCAPACIDADES-Assistance-for-Persons-with-Disabilities.pdf\">ASISTENCIA PARA PERSONAS CON DISCAPACIDADES (Assistance for Persons with Disabilities)<\/a><\/li>\n\n\n\n<li><a href=\"https:\/\/ucnj.org\/boe\/wp-content\/uploads\/sites\/16\/2025\/09\/W-SP-2025-Hillside-Runoff-Election-Advertising-DE-LAS-BALOTAS-PROVISIONALES-Counting-Provisional-Ballots.pdf\">DE LAS BALOTAS PROVISIONALES (Counting Provisional Ballots)<\/a><\/li>\n\n\n\n<li><a href=\"https:\/\/ucnj.org\/boe\/wp-content\/uploads\/sites\/16\/2025\/09\/W-SP-2025-Hillside-Runoff-Election-Advertising-DESIGNACION-DE-OPOSITORES-Challengers.pdf\">DESIGNACI\u00d3N DE OPOSITORES (Challengers)<\/a><\/li>\n\n\n\n<li><a href=\"https:\/\/ucnj.org\/boe\/wp-content\/uploads\/sites\/16\/2025\/09\/W-SP-2025-Hillside-Runoff-Election-Advertising-EL-CIERRE-DE-REGISTRO-PARA-LA-ELECCION-GENERAL-Close-of-Registration.pdf\">EL CIERRE DE REGISTRO PARA LA ELECCI\u00d3N GENERAL (Close of Registration)<\/a><\/li>\n\n\n\n<li><a href=\"https:\/\/ucnj.org\/boe\/wp-content\/uploads\/sites\/16\/2025\/09\/W-SP-2025-Hillside-Runoff-Election-Advertising-LA-PRUEBA-DEL-EQUIPO-DE-TABULACION-AUTOMATICO-Test-of-Tabulation-Equipment.pdf\">LA PRUEBA DEL EQUIPO DE TABULACI\u00d3N AUTOM\u00c1TICO (Test of Tabulation Equipment)<\/a><\/li>\n\n\n\n<li><a href=\"https:\/\/ucnj.org\/boe\/wp-content\/uploads\/sites\/16\/2025\/09\/W-SP-2025-Hillside-Runoff-Election-Advertising-Le-Informa-el-Siguiente-Procedimiento-Election-Day-Challenging-Procedures.pdf\">Le Informa el Siguiente Procedimiento (Election Day Challenging Procedures)<\/a><\/li>\n\n\n\n<li><a href=\"https:\/\/ucnj.org\/boe\/wp-content\/uploads\/sites\/16\/2025\/09\/W-SP-2025-HI-Runoff-Election-Advertising-LA-INSPECCION-DE-LAS-BALOTAS-DE-VOTACION-POR-CORREO-Inspection-of-Mail-In-Ballots.pdf\">LA INSPECCION DE LAS BALOTAS DE VOTACI\u00d3N POR CORREO (Inspection of Mail In Ballots)<\/a><\/li>\n<\/ul>\n","protected":false},"excerpt":{"rendered":"<p>English Spanish<\/p>\n","protected":false},"author":1,"featured_media":0,"parent":0,"menu_order":0,"comment_status":"closed","ping_status":"closed","template":"","meta":{"_acf_changed":false,"_crdt_document":"","footnotes":""},"class_list":["post-3130","page","type-page","status-publish","hentry"],"acf":[],"publishpress_future_action":{"enabled":false,"date":"1970-01-01 00:00:00","action":"","terms":[],"taxonomy":"","browser_timezone_offset":0},"jetpack_sharing_enabled":true,"_links":{"self":[{"href":"https:\/\/ucnj.org\/boe\/wp-json\/wp\/v2\/pages\/3130","targetHints":{"allow":["GET"]}}],"collection":[{"href":"https:\/\/ucnj.org\/boe\/wp-json\/wp\/v2\/pages"}],"about":[{"href":"https:\/\/ucnj.org\/boe\/wp-json\/wp\/v2\/types\/page"}],"author":[{"embeddable":true,"href":"https:\/\/ucnj.org\/boe\/wp-json\/wp\/v2\/users\/1"}],"replies":[{"embeddable":true,"href":"https:\/\/ucnj.org\/boe\/wp-json\/wp\/v2\/comments?post=3130"}],"version-history":[{"count":0,"href":"https:\/\/ucnj.org\/boe\/wp-json\/wp\/v2\/pages\/3130\/revisions"}],"wp:attachment":[{"href":"https:\/\/ucnj.org\/boe\/wp-json\/wp\/v2\/media?parent=3130"}],"curies":[{"name":"wp","href":"https:\/\/api.w.org\/{rel}","templated":true}]}}