{"id":3214,"date":"2026-01-09T13:32:36","date_gmt":"2026-01-09T13:32:36","guid":{"rendered":"https:\/\/ucnj.org\/boe\/?page_id=3214"},"modified":"2026-02-04T20:13:48","modified_gmt":"2026-02-04T20:13:48","slug":"general-election-november-3-2026","status":"publish","type":"page","link":"https:\/\/ucnj.org\/boe\/general-election-november-3-2026\/","title":{"rendered":"General Election \u2013 November 3, 2026"},"content":{"rendered":"\n<div class=\"wp-block-columns alignwide tw-cols-card tw-cols-card-shadow is-layout-flex wp-container-core-columns-is-layout-7387b849 wp-block-columns-is-layout-flex\">\n<div class=\"wp-block-column is-layout-flow wp-block-column-is-layout-flow\">\n<p class=\"has-subtle-background-background-color has-background wp-block-paragraph\"><strong>English<\/strong><\/p>\n\n\n\n<ul class=\"wp-block-list has-primary-color has-text-color has-link-color wp-elements-db4ac99477e0123a00c871441e1664c2\">\n<li><a href=\"https:\/\/ucnj.org\/boe\/wp-content\/uploads\/sites\/16\/2026\/02\/2026-General-Election-Advertising-Important-Info-for-Election-Day.pdf\">Important Info for Election Day<\/a> <\/li>\n\n\n\n<li>I<a href=\"https:\/\/ucnj.org\/boe\/wp-content\/uploads\/sites\/16\/2026\/02\/2026-General-Election-Advertising-Inspection-of-Mail-In-Ballots.pdf\">nspection of Mail In Ballots<\/a><\/li>\n\n\n\n<li><a href=\"https:\/\/ucnj.org\/boe\/wp-content\/uploads\/sites\/16\/2026\/02\/2026-General-Election-Advertising-Public-Inspection-of-Voting-Machines.pdf\">Public Inspection of Voting Machines<\/a> <\/li>\n\n\n\n<li><a href=\"https:\/\/ucnj.org\/boe\/wp-content\/uploads\/sites\/16\/2026\/02\/2026-General-Election-Advertising-Test-of-Tabulation-Equipment.pdf\">Test of Tabulation Equipment<\/a><\/li>\n\n\n\n<li><a href=\"https:\/\/ucnj.org\/boe\/wp-content\/uploads\/sites\/16\/2026\/02\/2026-General-Election-Advertising-Assistance-for-Persons-with-Disabilities.pdf\">Assistance for Persons with Disabilities<\/a> <\/li>\n\n\n\n<li><a href=\"https:\/\/ucnj.org\/boe\/wp-content\/uploads\/sites\/16\/2026\/02\/2026-General-Election-Advertising-Challengers.pdf\">Challengers<\/a><\/li>\n\n\n\n<li><a href=\"https:\/\/ucnj.org\/boe\/wp-content\/uploads\/sites\/16\/2026\/02\/2026-General-Election-Advertising-Close-of-Registration.pdf\">Close of Registration<\/a> <\/li>\n\n\n\n<li><a href=\"https:\/\/ucnj.org\/boe\/wp-content\/uploads\/sites\/16\/2026\/02\/2026-General-Election-Advertising-Counting-Provisional-Ballots.pdf\">Counting Provisional Ballots<\/a> <\/li>\n\n\n\n<li><a href=\"https:\/\/ucnj.org\/boe\/wp-content\/uploads\/sites\/16\/2026\/02\/2026-General-Election-Advertising-Election-Day-Challenging-Procedures.pdf\">Election Day Challenging Procedures<\/a><\/li>\n<\/ul>\n<\/div>\n\n\n\n<div class=\"wp-block-column is-layout-flow wp-block-column-is-layout-flow\">\n<p class=\"has-subtle-background-background-color has-background wp-block-paragraph\"><strong>Spanish<\/strong><\/p>\n\n\n\n<ul class=\"wp-block-list has-primary-color has-text-color has-link-color wp-elements-8253e91801613490ea61bad7ce86a5b2\">\n<li><a href=\"https:\/\/ucnj.org\/boe\/wp-content\/uploads\/sites\/16\/2026\/02\/SP-2026-General-Election-Advertising-INFORMACION-PARA-LOS-VOTANTES-CON-REFERENCIA-AL-DIA-DE-LA-ELECCION-Important-Information-for-Election-Day.pdf\">INFORMACI\u00d3N PARA LOS VOTANTES CON REFERENCIA AL D\u00cdA DE LA ELECCI\u00d3N<\/a><\/li>\n\n\n\n<li><a href=\"https:\/\/ucnj.org\/boe\/wp-content\/uploads\/sites\/16\/2026\/02\/SP-2026-General-Election-Advertising-LA-INSPECCION-DE-LAS-MAQUINAS-DE-VOTACION-Public-Inspection-of-Voting-Machines.pdf\">LA INSPECCI\u00d3N DE LAS M\u00c1QUINAS DE VOTACI\u00d3N<\/a><\/li>\n\n\n\n<li><a href=\"https:\/\/ucnj.org\/boe\/wp-content\/uploads\/sites\/16\/2026\/02\/SP-2026-General-Election-Advertising-LA-PRUEBA-DEL-EQUIPO-DE-TABULACION-AUTOMATICO-Test-of-Tabulation-Equipment.pdf\">LA PRUEBA DEL EQUIPO DE TABULACI\u00d3N AUTOM\u00c1TICO<\/a><\/li>\n\n\n\n<li><a href=\"https:\/\/ucnj.org\/boe\/wp-content\/uploads\/sites\/16\/2026\/02\/SP-2026-General-Election-Advertising-Le-Informa-el-Siguiente-Procedimiento-Election-Day-Challenging-Procedures.pdf\">Le Informa el Siguiente Procedimiento<\/a><\/li>\n\n\n\n<li><a href=\"https:\/\/ucnj.org\/boe\/wp-content\/uploads\/sites\/16\/2026\/02\/SP-2026-General-Election-Advertising-ASISTENCIA-PARA-PERSONAS-CON-DISCAPACIDADES-Assistance-for-Persons-with-Disabilities.pdf\">ASISTENCIA PARA PERSONAS CON DISCAPACIDADES<\/a><\/li>\n\n\n\n<li><a href=\"https:\/\/ucnj.org\/boe\/wp-content\/uploads\/sites\/16\/2026\/02\/SP-2026-General-Election-Advertising-DE-LAS-BALOTAS-PROVISIONALES-Counting-Provisional-Ballots.pdf\">DE LAS BALOTAS PROVISIONALES<\/a><\/li>\n\n\n\n<li><a href=\"https:\/\/ucnj.org\/boe\/wp-content\/uploads\/sites\/16\/2026\/02\/SP-2026-General-Election-Advertising-DESIGNACION-DE-OPOSITORES-Challengers.pdf\">DESIGNACI\u00d3N DE OPOSITORES\u00a0<\/a><\/li>\n\n\n\n<li><a href=\"https:\/\/ucnj.org\/boe\/wp-content\/uploads\/sites\/16\/2026\/02\/SP-2026-General-Election-Advertising-EL-CIERRE-DE-REGISTRO-PARA-LA-ELECCION-GENERAL-Close-of-Registration.pdf\">EL CIERRE DE REGISTRO PARA LA ELECCI\u00d3N GENERAL<\/a><\/li>\n<\/ul>\n<\/div>\n<\/div>\n","protected":false},"excerpt":{"rendered":"<p>English Spanish<\/p>\n","protected":false},"author":1,"featured_media":0,"parent":0,"menu_order":0,"comment_status":"closed","ping_status":"closed","template":"","meta":{"_crdt_document":"","footnotes":""},"class_list":["post-3214","page","type-page","status-publish","hentry"],"publishpress_future_action":{"enabled":false,"date":"1970-01-01 00:00:00","action":"","terms":[],"taxonomy":"","browser_timezone_offset":0},"jetpack_sharing_enabled":true,"_links":{"self":[{"href":"https:\/\/ucnj.org\/boe\/wp-json\/wp\/v2\/pages\/3214","targetHints":{"allow":["GET"]}}],"collection":[{"href":"https:\/\/ucnj.org\/boe\/wp-json\/wp\/v2\/pages"}],"about":[{"href":"https:\/\/ucnj.org\/boe\/wp-json\/wp\/v2\/types\/page"}],"author":[{"embeddable":true,"href":"https:\/\/ucnj.org\/boe\/wp-json\/wp\/v2\/users\/1"}],"replies":[{"embeddable":true,"href":"https:\/\/ucnj.org\/boe\/wp-json\/wp\/v2\/comments?post=3214"}],"version-history":[{"count":0,"href":"https:\/\/ucnj.org\/boe\/wp-json\/wp\/v2\/pages\/3214\/revisions"}],"wp:attachment":[{"href":"https:\/\/ucnj.org\/boe\/wp-json\/wp\/v2\/media?parent=3214"}],"curies":[{"name":"wp","href":"https:\/\/api.w.org\/{rel}","templated":true}]}}