{"id":3216,"date":"2026-01-09T13:32:37","date_gmt":"2026-01-09T13:32:37","guid":{"rendered":"https:\/\/ucnj.org\/boe\/?page_id=3216"},"modified":"2026-01-29T19:12:17","modified_gmt":"2026-01-29T19:12:17","slug":"primary-election-june-2-2026","status":"publish","type":"page","link":"https:\/\/ucnj.org\/boe\/primary-election-june-2-2026\/","title":{"rendered":"Primary Election \u2013 June 2, 2026"},"content":{"rendered":"\n<p class=\"has-subtle-background-background-color has-background wp-block-paragraph\"><strong>English<\/strong><\/p>\n\n\n\n<ul class=\"wp-block-list has-primary-color has-text-color has-link-color wp-elements-edf11f065fcaa4ac2cfc7a30b72029a8\">\n<li><a href=\"https:\/\/ucnj.org\/boe\/wp-content\/uploads\/sites\/16\/2026\/01\/W-2026-Primary-Election-Advertising-Party-Declaration.pdf\">Party Declaration<\/a><\/li>\n\n\n\n<li><a href=\"https:\/\/ucnj.org\/boe\/wp-content\/uploads\/sites\/16\/2026\/01\/W-2026-Primary-Election-Advertising-Inspection-of-Mail-In-Ballots.pdf\">Inspection of Mail In Ballots<\/a><\/li>\n\n\n\n<li><a href=\"https:\/\/ucnj.org\/boe\/wp-content\/uploads\/sites\/16\/2026\/01\/W-2026-Primary-Election-Advertising-Important-Info-for-Election-Day.pdf\">Important Info for Election Day<\/a><\/li>\n\n\n\n<li><a href=\"https:\/\/ucnj.org\/boe\/wp-content\/uploads\/sites\/16\/2026\/01\/W-2026-Primary-Election-Advertising-Election-Day-Challenging-Procedures.pdf\">Election Day Challenging Procedures<\/a><\/li>\n\n\n\n<li><a href=\"https:\/\/ucnj.org\/boe\/wp-content\/uploads\/sites\/16\/2026\/01\/W-2026-Primary-Election-Advertising-Counting-Provisional-Ballots.pdf\">Counting Provisional Ballots<\/a><\/li>\n\n\n\n<li><a href=\"https:\/\/ucnj.org\/boe\/wp-content\/uploads\/sites\/16\/2026\/01\/W-2026-Primary-Election-Advertising-Close-of-Registration.pdf\">Close of Registration<\/a><\/li>\n\n\n\n<li><a href=\"https:\/\/ucnj.org\/boe\/wp-content\/uploads\/sites\/16\/2026\/01\/W-2026-Primary-Election-Advertising-Challengers.pdf\">Challengers<\/a><\/li>\n\n\n\n<li><a href=\"https:\/\/ucnj.org\/boe\/wp-content\/uploads\/sites\/16\/2026\/01\/W-2026-Primary-Election-Advertising-Assistance-for-Persons-with-Disabilities.pdf\">Assistance for Persons with Disabilities<\/a><\/li>\n\n\n\n<li><a href=\"https:\/\/ucnj.org\/boe\/wp-content\/uploads\/sites\/16\/2026\/01\/W-2026-Primary-Election-Advertising-Test-of-Tabulation-Equipment.pdf\">Test of Tabulation Equipment<\/a><\/li>\n\n\n\n<li><a href=\"https:\/\/ucnj.org\/boe\/wp-content\/uploads\/sites\/16\/2026\/01\/W-2026-Primary-Election-Advertising-Public-Inspection-of-Voting-Machines-3.pdf\">Public Inspection of Voting Machines<\/a><\/li>\n<\/ul>\n\n\n\n<p class=\"has-subtle-background-background-color has-background wp-block-paragraph\"><strong>Spanish<\/strong><\/p>\n\n\n\n<ul class=\"wp-block-list has-primary-color has-text-color has-link-color wp-elements-1088b7102d46b6fe19290aa6185cec01\">\n<li><a href=\"https:\/\/ucnj.org\/boe\/wp-content\/uploads\/sites\/16\/2026\/01\/SP-W-2026-Primary-Election-Advertising-CONTEO-DE-LAS-BOLETAS-PROVISIONALES-Counting-Provisional-Ballots.pdf\">CONTEO DE LAS BOLETAS PROVISIONALES<\/a><\/li>\n\n\n\n<li><a href=\"https:\/\/ucnj.org\/boe\/wp-content\/uploads\/sites\/16\/2026\/01\/SP-W-2026-Primary-Election-Advertising-DECLARACION-DE-PARTIDO-Party-Declaration.pdf\">DECLARACI\u00d3N DE PARTIDO<\/a><\/li>\n\n\n\n<li><a href=\"https:\/\/ucnj.org\/boe\/wp-content\/uploads\/sites\/16\/2026\/01\/SP-W-2026-Primary-Election-Advertising-INSPECCION-DE-LAS-MAQUINAS-DE-VOTACION-Public-Inspection-of-Voting-Machines.pdf\">INSPECCI\u00d3N DE LAS M\u00c1QUINAS DE VOTACI\u00d3N<\/a><\/li>\n\n\n\n<li><a href=\"https:\/\/ucnj.org\/boe\/wp-content\/uploads\/sites\/16\/2026\/01\/SP-W-2026-Primary-Election-Advertising-LA-ASISTENCIA-PARA-PERSONAS-CON-DISCAPACIDADES-assistance-for-persons-w-disabilities.pdf\">LA ASISTENCIA PARA PERSONAS CON DISCAPACIDADES<\/a><\/li>\n\n\n\n<li><a href=\"https:\/\/ucnj.org\/boe\/wp-content\/uploads\/sites\/16\/2026\/01\/SP-W-2026-Primary-Election-Advertising-LA-INSPECCION-DE-LAS-BOLETAS-DE-VOTACION-POR-CORREO-Public-Inspection-of-Mail-in-Ballots.pdf\">LA INSPECCI\u00d3N DE LAS BOLETAS DE VOTACI\u00d3N POR CORREO<\/a><\/li>\n\n\n\n<li><a href=\"https:\/\/ucnj.org\/boe\/wp-content\/uploads\/sites\/16\/2026\/01\/SP-W-2026-Primary-Election-Advertising-LA-PRUEBA-DEL-EQUIPO-DE-TABULACION-AUTOMATICO-Test-of-Tabulation-Equipment.pdf\">LA PRUEBA DEL EQUIPO DE TABULACI\u00d3N AUTOM\u00c1TICO<\/a><\/li>\n\n\n\n<li><a href=\"https:\/\/ucnj.org\/boe\/wp-content\/uploads\/sites\/16\/2026\/01\/SP-W-2026-Primary-Election-Advertising-Le-Informa-el-Siguiente-Procedimiento-Election-Day-Challenging-Procedures.pdf\">Le Informa el Siguiente Procedimiento<\/a><\/li>\n\n\n\n<li><a href=\"https:\/\/ucnj.org\/boe\/wp-content\/uploads\/sites\/16\/2026\/01\/SP-W-2026-Primary-Election-Advertising-INFORMACION-PARA-LOS-VOTANTES-Important-Information-for-Election-Day.pdf\">INFORMACI\u00d3N PARA LOS VOTANTES<\/a><\/li>\n\n\n\n<li><a href=\"https:\/\/ucnj.org\/boe\/wp-content\/uploads\/sites\/16\/2026\/01\/SP-W-2026-Primary-Election-Election-Advertising-DESIGNACION-DE-OPOSITORES-Challengers.pdf\">DESIGNACI\u00d3N DE OPOSITORES<\/a><\/li>\n\n\n\n<li><a href=\"https:\/\/ucnj.org\/boe\/wp-content\/uploads\/sites\/16\/2026\/01\/SP-W-2026-Primary-Election-Advertising-CIERRE-DE-REGISTRO-Close-of-Registration.pdf\">CIERRE DE REGISTRO<\/a><\/li>\n<\/ul>\n","protected":false},"excerpt":{"rendered":"<p>English Spanish<\/p>\n","protected":false},"author":1,"featured_media":0,"parent":0,"menu_order":0,"comment_status":"closed","ping_status":"closed","template":"","meta":{"_crdt_document":"","footnotes":""},"class_list":["post-3216","page","type-page","status-publish","hentry"],"publishpress_future_action":{"enabled":false,"date":"1970-01-01 00:00:00","action":"","terms":[],"taxonomy":"","browser_timezone_offset":0},"jetpack_sharing_enabled":true,"_links":{"self":[{"href":"https:\/\/ucnj.org\/boe\/wp-json\/wp\/v2\/pages\/3216","targetHints":{"allow":["GET"]}}],"collection":[{"href":"https:\/\/ucnj.org\/boe\/wp-json\/wp\/v2\/pages"}],"about":[{"href":"https:\/\/ucnj.org\/boe\/wp-json\/wp\/v2\/types\/page"}],"author":[{"embeddable":true,"href":"https:\/\/ucnj.org\/boe\/wp-json\/wp\/v2\/users\/1"}],"replies":[{"embeddable":true,"href":"https:\/\/ucnj.org\/boe\/wp-json\/wp\/v2\/comments?post=3216"}],"version-history":[{"count":0,"href":"https:\/\/ucnj.org\/boe\/wp-json\/wp\/v2\/pages\/3216\/revisions"}],"wp:attachment":[{"href":"https:\/\/ucnj.org\/boe\/wp-json\/wp\/v2\/media?parent=3216"}],"curies":[{"name":"wp","href":"https:\/\/api.w.org\/{rel}","templated":true}]}}