{"id":75,"date":"2024-11-26T13:46:15","date_gmt":"2024-11-26T13:46:15","guid":{"rendered":"https:\/\/ucnj.org\/safe-streets\/?page_id=75"},"modified":"2026-01-06T21:18:20","modified_gmt":"2026-01-06T21:18:20","slug":"hogar","status":"publish","type":"page","link":"https:\/\/ucnj.org\/safe-streets\/en-espanol\/hogar\/","title":{"rendered":"Hogar"},"content":{"rendered":"<!-- Added by Post\/Page Specific Custom Code plugin, thank you for using! -->\n<style>.entry-title {\r\n   display: none;\r\n}\r\n.entry-header.has-text-align-center.header-footer-group {\r\n    display: none;\r\n}<\/style>\n\n<div class=\"wp-block-group has-background tw-shadow\" style=\"background-color:#ffffff\"><div class=\"wp-block-group__inner-container is-layout-constrained wp-block-group-is-layout-constrained\">\n<h5 class=\"wp-block-heading has-subtle-background-background-color has-text-color has-background has-link-color wp-elements-02282788d4eb28704c2a009c94f55c09\" style=\"color:#760f20\"><strong>El Condado de Union y la Ciudad de Elizabeth est\u00e1n creando un Plan de Acci\u00f3n de Calles Seguras para Todos (SS4A) para hacer que las carreteras sean m\u00e1s seguras, reducir el n\u00famero de muertes y lesiones graves en nuestras v\u00edas, y mejorar la movilidad y la calidad de vida de todos los que viajan en nuestra comunidad.<\/strong><\/h5>\n\n\n\n<p class=\"wp-block-paragraph\">Al priorizar la movilidad para todos los usuarios de las v\u00edas, podemos hacer nuestras calles m\u00e1s seguras para todos. Esto requiere una colaboraci\u00f3n entre el gobierno, las fuerzas del orden, los grupos comunitarios y usted, quienes utilizan nuestras calles todos los d\u00edas.<\/p>\n<\/div><\/div>\n\n\n\n<div style=\"height:47px\" aria-hidden=\"true\" class=\"wp-block-spacer\"><\/div>\n\n\n\n<div class=\"wp-block-group has-background tw-shadow\" style=\"background-color:#ffffff\"><div class=\"wp-block-group__inner-container is-layout-constrained wp-block-group-is-layout-constrained\">\n<h5 class=\"wp-block-heading has-subtle-background-background-color has-text-color has-background has-link-color wp-elements-efe1d2b3c0f95ee3ef584b4df346d7bd\" style=\"color:#760f20\"><strong>El Proceso de Planificaci\u00f3n<\/strong><\/h5>\n\n\n\n<p class=\"wp-block-paragraph\">En el oto\u00f1o de 2024, el Departamento de Ingenier\u00eda de Union County comenz\u00f3 a identificar socios claves, recopilar datos y educar al p\u00fablico sobre el Plan de Acci\u00f3n de Calles Seguras para Todos.<\/p>\n<\/div><\/div>\n\n\n\n<div style=\"height:47px\" aria-hidden=\"true\" class=\"wp-block-spacer\"><\/div>\n\n\n\n<div class=\"wp-block-group has-background tw-shadow\" style=\"background-color:#ffffff\"><div class=\"wp-block-group__inner-container is-layout-constrained wp-block-group-is-layout-constrained\">\n<h5 class=\"wp-block-heading has-subtle-background-background-color has-text-color has-background has-link-color wp-elements-b4139bb86146134d77f7f0654fb04ca6\" style=\"color:#760f20\"><strong>Objetivos clave del Plan de Acci\u00f3n SS4A:<\/strong><\/h5>\n\n\n\n<ul class=\"wp-block-list is-style-tw-checkmark\">\n<li>Identificar las Ubicaciones de Alto Riesgo de Accidentes y las Preocupaciones Claves de Seguridad dentro del Condado.<\/li>\n\n\n\n<li>Asegurar Inversiones Equitativas en las Necesidades de Seguridad de las comunidades desatendidas.<\/li>\n\n\n\n<li>Organizar un s\u00f3lido Proceso de Participaci\u00f3n p\u00fablica y de las Partes Interesadas enfocado en la inclusividad, representaci\u00f3n comunitaria y retroalimentaci\u00f3n.<\/li>\n\n\n\n<li>Desarrollar estrategias de seguridad y contramedidas usando el Enfoque de Sistema Seguro.<\/li>\n<\/ul>\n<\/div><\/div>\n\n\n\n<div style=\"height:47px\" aria-hidden=\"true\" class=\"wp-block-spacer\"><\/div>\n\n\n\n<div class=\"wp-block-group has-background tw-shadow\" style=\"background-color:#ffffff\"><div class=\"wp-block-group__inner-container is-layout-constrained wp-block-group-is-layout-constrained\">\n<h5 class=\"wp-block-heading has-subtle-background-background-color has-text-color has-background has-link-color wp-elements-117ec240a91cd587d1b3c402ef69435b\" style=\"color:#760f20\"><strong>Comit\u00e9 Asesor del Plan de Acci\u00f3n<\/strong><\/h5>\n\n\n\n<p class=\"wp-block-paragraph\">Se cre\u00f3 un Comit\u00e9 Asesor del Plan de Acci\u00f3n (APAC, por sus siglas en ingl\u00e9s) para apoyar al equipo del proyecto y asegurar la colaboraci\u00f3n de los departamentos del condado, los gobiernos municipales, las agencias regionales y los grupos comunitarios para ayudar a desarrollar una visi\u00f3n para el Plan de Acci\u00f3n de Calles Seguras para Todos.<\/p>\n\n\n\n<p class=\"wp-block-paragraph\">El APAC se reunir\u00e1 cuatro (4) veces durante el proceso de planificaci\u00f3n, ofreciendo documentaci\u00f3n de antecedentes, informaci\u00f3n sobre las condiciones locales y comentarios sobre las recomendaciones preliminares de la estrategia.<\/p>\n<\/div><\/div>\n\n\n\n<div class=\"wp-block-columns alignwide tw-cols-card tw-cols-card-shadow is-layout-flex wp-container-core-columns-is-layout-7387b849 wp-block-columns-is-layout-flex\">\n<div class=\"wp-block-column is-layout-flow wp-block-column-is-layout-flow\">\n<div class=\"wp-block-group\"><div class=\"wp-block-group__inner-container is-layout-constrained wp-block-group-is-layout-constrained\">\n<h5 class=\"wp-block-heading has-subtle-background-background-color has-text-color has-background has-link-color wp-elements-6405b7673386f106dbd55fa951eec64e\" style=\"color:#760f20\"><strong>Financiamiento<\/strong><\/h5>\n\n\n\n<p class=\"wp-block-paragraph\">El Condado de Union recibi\u00f3 una subvenci\u00f3n de planificaci\u00f3n de &#8220;Calles y Carreteras Seguras para Todos&#8221; (SS4A) del Departamento de Transporte de los EE. UU. (USDOT) para desarrollar un Plan de Acci\u00f3n SS4A.<\/p>\n\n\n\n<p class=\"wp-block-paragraph\">El Condado de Union, junto con la Ciudad de Elizabeth y otros socios municipales, desarrollar\u00e1 una estrategia integral y bien definida para prevenir las muertes y lesiones graves en las carreteras dentro del condado y mitigar los riesgos de seguridad vial para todos los residentes.<\/p>\n<\/div><\/div>\n<\/div>\n\n\n\n<div class=\"wp-block-column is-layout-flow wp-block-column-is-layout-flow\">\n<div class=\"wp-block-group\"><div class=\"wp-block-group__inner-container is-layout-constrained wp-block-group-is-layout-constrained\">\n<h5 class=\"wp-block-heading has-subtle-background-background-color has-text-color has-background has-link-color wp-elements-39e32d6e4f9abcf1bfc8f8a66e059469\" style=\"color:#760f20\"><strong><strong>Asociaci\u00f3n<\/strong><\/strong><\/h5>\n\n\n\n<div class=\"wp-block-columns is-layout-flex wp-container-core-columns-is-layout-7387b849 wp-block-columns-is-layout-flex\">\n<div class=\"wp-block-column is-layout-flow wp-block-column-is-layout-flow\" style=\"--col-width:20%;flex-basis:20%\">\n<figure class=\"wp-block-image size-full\"><a href=\"https:\/\/www.elizabethnj.org\/\"><img loading=\"lazy\" decoding=\"async\" width=\"201\" height=\"202\" src=\"https:\/\/ucnj.org\/safe-streets\/wp-content\/uploads\/sites\/49\/2024\/11\/elizabeth.png\" alt=\"\" class=\"wp-image-35\" srcset=\"https:\/\/ucnj.org\/safe-streets\/wp-content\/uploads\/sites\/49\/2024\/11\/elizabeth.png 201w, https:\/\/ucnj.org\/safe-streets\/wp-content\/uploads\/sites\/49\/2024\/11\/elizabeth-150x150.png 150w\" sizes=\"auto, (max-width: 201px) 100vw, 201px\" \/><\/a><\/figure>\n<\/div>\n\n\n\n<div class=\"wp-block-column is-layout-flow wp-block-column-is-layout-flow\" style=\"--col-width:80%;flex-basis:80%\">\n<p class=\"wp-block-paragraph\">La Ciudad de Elizabeth es subreceptora de la subvenci\u00f3n del USDOT.<\/p>\n\n\n\n<p class=\"wp-block-paragraph\">Esto significa un an\u00e1lisis m\u00e1s profundo de los datos de accidentes y recomendaciones para las v\u00edas locales en la Ciudad.<\/p>\n<\/div>\n<\/div>\n<\/div><\/div>\n<\/div>\n<\/div>\n","protected":false},"excerpt":{"rendered":"<p>El Condado de Union y la Ciudad de Elizabeth est\u00e1n creando un Plan de Acci\u00f3n de Calles Seguras para Todos (SS4A) para hacer que las carreteras sean m\u00e1s seguras, reducir el n\u00famero de muertes y lesiones graves en nuestras v\u00edas, y mejorar la movilidad y la calidad de vida de todos los que viajan en&hellip;<\/p>\n","protected":false},"author":1,"featured_media":0,"parent":10,"menu_order":0,"comment_status":"closed","ping_status":"closed","template":"templates\/template-full-width.php","meta":{"_crdt_document":"","footnotes":""},"class_list":["post-75","page","type-page","status-publish","hentry"],"publishpress_future_action":{"enabled":false,"date":"1970-01-01 00:00:00","action":"","terms":[],"taxonomy":"","browser_timezone_offset":0},"jetpack_sharing_enabled":true,"_links":{"self":[{"href":"https:\/\/ucnj.org\/safe-streets\/wp-json\/wp\/v2\/pages\/75","targetHints":{"allow":["GET"]}}],"collection":[{"href":"https:\/\/ucnj.org\/safe-streets\/wp-json\/wp\/v2\/pages"}],"about":[{"href":"https:\/\/ucnj.org\/safe-streets\/wp-json\/wp\/v2\/types\/page"}],"author":[{"embeddable":true,"href":"https:\/\/ucnj.org\/safe-streets\/wp-json\/wp\/v2\/users\/1"}],"replies":[{"embeddable":true,"href":"https:\/\/ucnj.org\/safe-streets\/wp-json\/wp\/v2\/comments?post=75"}],"version-history":[{"count":0,"href":"https:\/\/ucnj.org\/safe-streets\/wp-json\/wp\/v2\/pages\/75\/revisions"}],"up":[{"embeddable":true,"href":"https:\/\/ucnj.org\/safe-streets\/wp-json\/wp\/v2\/pages\/10"}],"wp:attachment":[{"href":"https:\/\/ucnj.org\/safe-streets\/wp-json\/wp\/v2\/media?parent=75"}],"curies":[{"name":"wp","href":"https:\/\/api.w.org\/{rel}","templated":true}]}}