{"id":77,"date":"2024-11-26T13:58:49","date_gmt":"2024-11-26T13:58:49","guid":{"rendered":"https:\/\/ucnj.org\/safe-streets\/?page_id=77"},"modified":"2024-12-05T16:03:47","modified_gmt":"2024-12-05T16:03:47","slug":"sobre","status":"publish","type":"page","link":"https:\/\/ucnj.org\/safe-streets\/en-espanol\/sobre\/","title":{"rendered":"Sobre"},"content":{"rendered":"\n<div class=\"wp-block-group alignwide\"><div class=\"wp-block-group__inner-container is-layout-constrained wp-block-group-is-layout-constrained\">\n<h5 class=\"wp-block-heading has-text-align-center has-subtle-background-background-color has-text-color has-background has-link-color wp-elements-2ae34c172cf7bb13b030eb969e4a6fcf\" style=\"color:#760f20\"><strong>\u00bfQu\u00e9 es Calles Seguras para Todos?<\/strong><\/h5>\n\n\n\n<p class=\"has-primary-color has-text-color has-link-color wp-elements-16ff162c23f1c8dd5afc7a11f0774e0b wp-block-paragraph\">Calles Seguras para Todos es un programa para prevenir muertes y lesiones graves en las carreteras del pa\u00eds, mientras se aumenta la movilidad segura, saludable y equitativa para todos. <a href=\"#_ftn1\" id=\"_ftnref1\">[1]<\/a><\/p>\n<\/div><\/div>\n\n\n\n<div class=\"wp-block-group alignwide\"><div class=\"wp-block-group__inner-container is-layout-constrained wp-block-group-is-layout-constrained\">\n<h5 class=\"wp-block-heading alignfull has-text-align-center has-subtle-background-background-color has-text-color has-background has-link-color wp-elements-3275305b55a0d6350e6db31f1a47938c\" style=\"color:#760f20\"><strong>\u00bfQu\u00e9 es el Enfoque del Sistema Seguro?<\/strong><\/h5>\n\n\n\n<div class=\"wp-block-columns alignwide is-layout-flex wp-container-core-columns-is-layout-7387b849 wp-block-columns-is-layout-flex\">\n<div class=\"wp-block-column is-layout-flow wp-block-column-is-layout-flow\">\n<p class=\"wp-block-paragraph\">Para prevenir muertes y lesiones graves en las carreteras, el Condado de Union utilizar\u00e1 el Enfoque del Sistema Seguro y ayudar\u00e1 a desarrollar una estrategia integral y bien definida para mitigar los riesgos de seguridad vial para todos los residentes.<\/p>\n\n\n\n<p class=\"wp-block-paragraph\">En el Enfoque del Sistema Seguro, la eliminaci\u00f3n de muertes y lesiones graves para todos los usuarios de las v\u00edas es la principal prioridad. Es una forma de hacer las carreteras m\u00e1s seguras al construir varias capas de protecci\u00f3n para prevenir accidentes y reducir las lesiones graves y muertes si estos ocurren. Este m\u00e9todo, ampliamente utilizado en el \u00e1mbito del transporte, trata la seguridad como algo compartido por todos los involucrados: conductores, ciclistas, peatones, dise\u00f1adores de carreteras, proveedores de transporte y legisladores.<\/p>\n\n\n\n<p class=\"wp-block-paragraph\">El enfoque no solo busca reducir el n\u00famero de accidentes, sino tambi\u00e9n prevenir los m\u00e1s graves. Reconoce que las personas cometen errores mientras conducen, caminan o andan en bicicleta y trabaja para evitar que estos errores causen muertes o lesiones graves. Al identificar y corregir las brechas en la red de transporte, ya sea mediante cambios en el dise\u00f1o de la carretera o actualizaciones en las pol\u00edticas, el Enfoque del Sistema Seguro tiene como objetivo crear calles m\u00e1s seguras para todos.<\/p>\n\n\n\n<p class=\"has-primary-color has-text-color has-link-color wp-elements-0770193f3a6d4e67b1874f9edf2a07e4 wp-block-paragraph\">Para obtener m\u00e1s informaci\u00f3n sobre el Enfoque del Sistema Seguro, <a href=\"https:\/\/www.transportation.gov\/NRSS\/SafeSystem\">visite el sitio web del USDOT<\/a>.<\/p>\n<\/div>\n<\/div>\n<\/div><\/div>\n\n\n\n<div class=\"wp-block-group alignwide\"><div class=\"wp-block-group__inner-container is-layout-constrained wp-block-group-is-layout-constrained\">\n<h5 class=\"wp-block-heading alignfull has-text-align-center has-subtle-background-background-color has-text-color has-background has-link-color wp-elements-107acdfa389d13fa58ec09cdbf4dc7fc\" style=\"color:#760f20\"><strong>Enfoque de Sistema Seguro<\/strong><\/h5>\n\n\n\n<div class=\"wp-block-columns alignwide tw-cols-card tw-cols-card-shadow is-layout-flex wp-container-core-columns-is-layout-7387b849 wp-block-columns-is-layout-flex\">\n<div class=\"wp-block-column is-layout-flow wp-block-column-is-layout-flow\">\n<figure class=\"wp-block-image size-full\"><img loading=\"lazy\" decoding=\"async\" width=\"693\" height=\"313\" src=\"https:\/\/ucnj.org\/safe-streets\/wp-content\/uploads\/sites\/49\/2024\/12\/Union-SS4A_Spanish-Website-Icons-01.png\" alt=\"\" class=\"wp-image-96\" srcset=\"https:\/\/ucnj.org\/safe-streets\/wp-content\/uploads\/sites\/49\/2024\/12\/Union-SS4A_Spanish-Website-Icons-01.png 693w, https:\/\/ucnj.org\/safe-streets\/wp-content\/uploads\/sites\/49\/2024\/12\/Union-SS4A_Spanish-Website-Icons-01-300x135.png 300w\" sizes=\"auto, (max-width: 693px) 100vw, 693px\" \/><\/figure>\n\n\n\n<p class=\"wp-block-paragraph\">Promover la conducci\u00f3n y el comportamiento seguro y responsable para todos los usuarios de las v\u00edas y crear condiciones que prioricen la seguridad de todos los usuarios viales, incluyendo a quienes caminan, andan en bicicleta, conducen, utilizan el transporte p\u00fablico o se desplazan de otras maneras.<\/p>\n<\/div>\n\n\n\n<div class=\"wp-block-column is-layout-flow wp-block-column-is-layout-flow\">\n<figure class=\"wp-block-image size-full\"><img loading=\"lazy\" decoding=\"async\" width=\"693\" height=\"313\" src=\"https:\/\/ucnj.org\/safe-streets\/wp-content\/uploads\/sites\/49\/2024\/12\/Union-SS4A_Spanish-Website-Icons-02.png\" alt=\"\" class=\"wp-image-97\" srcset=\"https:\/\/ucnj.org\/safe-streets\/wp-content\/uploads\/sites\/49\/2024\/12\/Union-SS4A_Spanish-Website-Icons-02.png 693w, https:\/\/ucnj.org\/safe-streets\/wp-content\/uploads\/sites\/49\/2024\/12\/Union-SS4A_Spanish-Website-Icons-02-300x135.png 300w\" sizes=\"auto, (max-width: 693px) 100vw, 693px\" \/><\/figure>\n\n\n\n<p class=\"wp-block-paragraph\">Aumentar la disponibilidad de sistemas y caracter\u00edsticas vehiculares que reducen las probabilidades de accidentes y disminuyen el impacto tanto en las personas dentro como fuera del veh\u00edculo.<\/p>\n<\/div>\n\n\n\n<div class=\"wp-block-column is-layout-flow wp-block-column-is-layout-flow\">\n<figure class=\"wp-block-image size-full\"><img loading=\"lazy\" decoding=\"async\" width=\"693\" height=\"313\" src=\"https:\/\/ucnj.org\/safe-streets\/wp-content\/uploads\/sites\/49\/2024\/12\/Union-SS4A_Spanish-Website-Icons-03.png\" alt=\"\" class=\"wp-image-99\" srcset=\"https:\/\/ucnj.org\/safe-streets\/wp-content\/uploads\/sites\/49\/2024\/12\/Union-SS4A_Spanish-Website-Icons-03.png 693w, https:\/\/ucnj.org\/safe-streets\/wp-content\/uploads\/sites\/49\/2024\/12\/Union-SS4A_Spanish-Website-Icons-03-300x135.png 300w\" sizes=\"auto, (max-width: 693px) 100vw, 693px\" \/><\/figure>\n\n\n\n<p class=\"wp-block-paragraph\">Fomentar velocidades m\u00e1s seguras en todas las v\u00edas combinando dise\u00f1os viales considerados y justos que se adapten al \u00e1rea, estableciendo l\u00edmites de velocidad apropiados, proporcionando educaci\u00f3n espec\u00edfica, realizando campa\u00f1as de divulgaci\u00f3n y haciendo cumplir las normas de velocidad. Este enfoque busca crear condiciones m\u00e1s seguras para todos los usuarios de las v\u00edas.<\/p>\n<\/div>\n\n\n\n<div class=\"wp-block-column is-layout-flow wp-block-column-is-layout-flow\">\n<figure class=\"wp-block-image size-full\"><img loading=\"lazy\" decoding=\"async\" width=\"693\" height=\"313\" src=\"https:\/\/ucnj.org\/safe-streets\/wp-content\/uploads\/sites\/49\/2024\/12\/Union-SS4A_Spanish-Website-Icons-04.png\" alt=\"\" class=\"wp-image-100\" srcset=\"https:\/\/ucnj.org\/safe-streets\/wp-content\/uploads\/sites\/49\/2024\/12\/Union-SS4A_Spanish-Website-Icons-04.png 693w, https:\/\/ucnj.org\/safe-streets\/wp-content\/uploads\/sites\/49\/2024\/12\/Union-SS4A_Spanish-Website-Icons-04-300x135.png 300w\" sizes=\"auto, (max-width: 693px) 100vw, 693px\" \/><\/figure>\n\n\n\n<p class=\"wp-block-paragraph\">Dise\u00f1ar carreteras para reducir el impacto de los errores humanos, fomentar comportamientos m\u00e1s seguros y hacer que los viajes sean m\u00e1s seguros para los usuarios m\u00e1s vulnerables.<\/p>\n<\/div>\n\n\n\n<div class=\"wp-block-column is-layout-flow wp-block-column-is-layout-flow\">\n<figure class=\"wp-block-image size-full\"><img loading=\"lazy\" decoding=\"async\" width=\"693\" height=\"313\" src=\"https:\/\/ucnj.org\/safe-streets\/wp-content\/uploads\/sites\/49\/2024\/12\/Union-SS4A_Spanish-Website-Icons-05.png\" alt=\"\" class=\"wp-image-101\" srcset=\"https:\/\/ucnj.org\/safe-streets\/wp-content\/uploads\/sites\/49\/2024\/12\/Union-SS4A_Spanish-Website-Icons-05.png 693w, https:\/\/ucnj.org\/safe-streets\/wp-content\/uploads\/sites\/49\/2024\/12\/Union-SS4A_Spanish-Website-Icons-05-300x135.png 300w\" sizes=\"auto, (max-width: 693px) 100vw, 693px\" \/><\/figure>\n\n\n\n<p class=\"wp-block-paragraph\">Mejorar las tasas de supervivencia ante accidentes brindando acceso r\u00e1pido a atenci\u00f3n m\u00e9dica de emergencia, garantizando un entorno seguro para los socorristas y previniendo accidentes adicionales mediante pr\u00e1cticas s\u00f3lidas de gesti\u00f3n del tr\u00e1fico.<\/p>\n<\/div>\n<\/div>\n<\/div><\/div>\n\n\n\n<p class=\"has-primary-color has-text-color has-link-color wp-elements-7f1ec15000f8efb6b5e7cab543bbe16e wp-block-paragraph\"><a href=\"#_ftnref1\" id=\"_ftn1\">[1]<\/a> <a href=\"https:\/\/www.transportation.gov\/grants\/SS4A\">https:\/\/www.transportation.gov\/grants\/SS4A<\/a><\/p>\n","protected":false},"excerpt":{"rendered":"<p>\u00bfQu\u00e9 es Calles Seguras para Todos? Calles Seguras para Todos es un programa para prevenir muertes y lesiones graves en las carreteras del pa\u00eds, mientras se aumenta la movilidad segura, saludable y equitativa para todos. [1] \u00bfQu\u00e9 es el Enfoque del Sistema Seguro? Para prevenir muertes y lesiones graves en las carreteras, el Condado de&hellip;<\/p>\n","protected":false},"author":1,"featured_media":0,"parent":10,"menu_order":0,"comment_status":"closed","ping_status":"closed","template":"templates\/template-full-width.php","meta":{"_acf_changed":false,"_crdt_document":"","footnotes":""},"class_list":["post-77","page","type-page","status-publish","hentry"],"acf":[],"publishpress_future_action":{"enabled":false,"date":"1970-01-01 00:00:00","action":"","terms":[],"taxonomy":"","browser_timezone_offset":0},"jetpack_sharing_enabled":true,"_links":{"self":[{"href":"https:\/\/ucnj.org\/safe-streets\/wp-json\/wp\/v2\/pages\/77","targetHints":{"allow":["GET"]}}],"collection":[{"href":"https:\/\/ucnj.org\/safe-streets\/wp-json\/wp\/v2\/pages"}],"about":[{"href":"https:\/\/ucnj.org\/safe-streets\/wp-json\/wp\/v2\/types\/page"}],"author":[{"embeddable":true,"href":"https:\/\/ucnj.org\/safe-streets\/wp-json\/wp\/v2\/users\/1"}],"replies":[{"embeddable":true,"href":"https:\/\/ucnj.org\/safe-streets\/wp-json\/wp\/v2\/comments?post=77"}],"version-history":[{"count":0,"href":"https:\/\/ucnj.org\/safe-streets\/wp-json\/wp\/v2\/pages\/77\/revisions"}],"up":[{"embeddable":true,"href":"https:\/\/ucnj.org\/safe-streets\/wp-json\/wp\/v2\/pages\/10"}],"wp:attachment":[{"href":"https:\/\/ucnj.org\/safe-streets\/wp-json\/wp\/v2\/media?parent=77"}],"curies":[{"name":"wp","href":"https:\/\/api.w.org\/{rel}","templated":true}]}}