{"id":79,"date":"2024-11-26T13:58:12","date_gmt":"2024-11-26T13:58:12","guid":{"rendered":"https:\/\/ucnj.org\/safe-streets\/?page_id=79"},"modified":"2026-01-06T21:19:18","modified_gmt":"2026-01-06T21:19:18","slug":"participe","status":"publish","type":"page","link":"https:\/\/ucnj.org\/safe-streets\/en-espanol\/participe\/","title":{"rendered":"Participe"},"content":{"rendered":"\n<h5 class=\"wp-block-heading alignfull has-text-align-center has-subtle-background-background-color has-text-color has-background has-link-color wp-elements-895d5e69aa1e34ceb83afc61b1dcb6a6\" style=\"color:#760f20\"><strong><strong>Nos encantar\u00eda conocer su experiencia al usar las calles del Union County y la Ciudad de Elizabeth.<\/strong><\/strong><\/h5>\n\n\n\n<p class=\"has-text-align-center wp-block-paragraph\"><strong>Sus comentarios ayudar\u00e1n a desarrollar estrategias para hacer las calles m\u00e1s seguras para todos los usuarios de las v\u00edas.<\/strong><\/p>\n\n\n\n<h4 class=\"wp-block-heading has-text-align-center has-primary-color has-text-color has-link-color wp-elements-4be5b7191f7e2e5dfef6b75ded0c90ea\"><a href=\"https:\/\/ucnj.org\/safe-streets\/wp-content\/uploads\/sites\/49\/2025\/03\/Union-SS4A_Preliminary-Outreach-Results.pdf\">Resultados preliminares de divulgaci\u00f3n<\/a><\/h4>\n\n\n\n<div class=\"wp-block-columns alignwide tw-cols-card tw-cols-card-shadow is-layout-flex wp-container-core-columns-is-layout-7387b849 wp-block-columns-is-layout-flex\">\n<div class=\"wp-block-column is-layout-flow wp-block-column-is-layout-flow\">\n<h6 class=\"wp-block-heading has-text-color has-link-color wp-elements-120a3048b50bcb09416116b4c94e472d\" style=\"color:#760f20\"><strong>\u00a1Pop-Up! Alcance Comunitario<\/strong><\/h6>\n\n\n\n<figure class=\"wp-block-image size-large is-resized\"><img loading=\"lazy\" decoding=\"async\" width=\"1024\" height=\"657\" src=\"https:\/\/ucnj.org\/safe-streets\/wp-content\/uploads\/sites\/49\/2024\/11\/Pop-ups-1024x657.png\" alt=\"\" class=\"wp-image-64\" style=\"aspect-ratio:1;object-fit:contain;width:auto;height:135px\" srcset=\"https:\/\/ucnj.org\/safe-streets\/wp-content\/uploads\/sites\/49\/2024\/11\/Pop-ups-1024x657.png 1024w, https:\/\/ucnj.org\/safe-streets\/wp-content\/uploads\/sites\/49\/2024\/11\/Pop-ups-300x192.png 300w, https:\/\/ucnj.org\/safe-streets\/wp-content\/uploads\/sites\/49\/2024\/11\/Pop-ups-768x493.png 768w, https:\/\/ucnj.org\/safe-streets\/wp-content\/uploads\/sites\/49\/2024\/11\/Pop-ups-1536x986.png 1536w, https:\/\/ucnj.org\/safe-streets\/wp-content\/uploads\/sites\/49\/2024\/11\/Pop-ups-2048x1314.png 2048w, https:\/\/ucnj.org\/safe-streets\/wp-content\/uploads\/sites\/49\/2024\/11\/Pop-ups-1200x770.png 1200w, https:\/\/ucnj.org\/safe-streets\/wp-content\/uploads\/sites\/49\/2024\/11\/Pop-ups-1980x1270.png 1980w\" sizes=\"auto, (max-width: 1024px) 100vw, 1024px\" \/><\/figure>\n\n\n\n<p class=\"wp-block-paragraph\">Escuchamos a la comunidad sobre sus inquietudes e ideas en materia de seguridad en varios eventos en diciembre de 2024.<\/p>\n<\/div>\n\n\n\n<div class=\"wp-block-column is-layout-flow wp-block-column-is-layout-flow\">\n<h6 class=\"wp-block-heading has-text-color has-link-color wp-elements-1ed45bd4c1fcd843cea2433188720913\" style=\"color:#760f20\"><strong>Encuesta y Mapa<\/strong><\/h6>\n\n\n\n<figure class=\"wp-block-image size-full is-resized\"><img loading=\"lazy\" decoding=\"async\" width=\"640\" height=\"358\" src=\"https:\/\/ucnj.org\/safe-streets\/wp-content\/uploads\/sites\/49\/2024\/11\/Survey-Map.png\" alt=\"\" class=\"wp-image-65\" style=\"aspect-ratio:1;object-fit:contain;width:auto;height:135px\" srcset=\"https:\/\/ucnj.org\/safe-streets\/wp-content\/uploads\/sites\/49\/2024\/11\/Survey-Map.png 640w, https:\/\/ucnj.org\/safe-streets\/wp-content\/uploads\/sites\/49\/2024\/11\/Survey-Map-300x168.png 300w\" sizes=\"auto, (max-width: 640px) 100vw, 640px\" \/><\/figure>\n\n\n\n<p class=\"wp-block-paragraph\">\u00a1M\u00e1s de 1600 personas respondieron la encuesta y mapearon sus ideas para mejorar la seguridad del transporte!<\/p>\n<\/div>\n\n\n\n<div class=\"wp-block-column is-layout-flow wp-block-column-is-layout-flow\">\n<h6 class=\"wp-block-heading has-text-color has-link-color wp-elements-17d9f80cae509e7fe4a837be83d67528\" style=\"color:#760f20\"><strong>Grupos Focales<\/strong><\/h6>\n\n\n\n<figure class=\"wp-block-image size-large is-resized\"><img loading=\"lazy\" decoding=\"async\" width=\"1003\" height=\"1024\" src=\"https:\/\/ucnj.org\/safe-streets\/wp-content\/uploads\/sites\/49\/2024\/11\/Focus-group-1003x1024.png\" alt=\"\" class=\"wp-image-66\" style=\"aspect-ratio:1;object-fit:contain;width:auto;height:135px\" srcset=\"https:\/\/ucnj.org\/safe-streets\/wp-content\/uploads\/sites\/49\/2024\/11\/Focus-group-1003x1024.png 1003w, https:\/\/ucnj.org\/safe-streets\/wp-content\/uploads\/sites\/49\/2024\/11\/Focus-group-294x300.png 294w, https:\/\/ucnj.org\/safe-streets\/wp-content\/uploads\/sites\/49\/2024\/11\/Focus-group-768x784.png 768w, https:\/\/ucnj.org\/safe-streets\/wp-content\/uploads\/sites\/49\/2024\/11\/Focus-group-1504x1536.png 1504w, https:\/\/ucnj.org\/safe-streets\/wp-content\/uploads\/sites\/49\/2024\/11\/Focus-group-2006x2048.png 2006w, https:\/\/ucnj.org\/safe-streets\/wp-content\/uploads\/sites\/49\/2024\/11\/Focus-group-1200x1225.png 1200w, https:\/\/ucnj.org\/safe-streets\/wp-content\/uploads\/sites\/49\/2024\/11\/Focus-group-1980x2021.png 1980w\" sizes=\"auto, (max-width: 1003px) 100vw, 1003px\" \/><\/figure>\n\n\n\n<p class=\"wp-block-paragraph\">Facilitamos cinco reuniones de grupos focales con partes interesadas clave a principios de 2025 para discutir problemas, inquietudes y oportunidades espec\u00edficas en materia de transporte.<\/p>\n<\/div>\n\n\n\n<div class=\"wp-block-column is-layout-flow wp-block-column-is-layout-flow\">\n<h6 class=\"wp-block-heading has-text-color has-link-color wp-elements-0a7f76eb129781292724efa36d70f598\" style=\"color:#760f20\">Reuniones Comunitarias<\/h6>\n\n\n\n<figure class=\"wp-block-image size-full is-resized\"><img loading=\"lazy\" decoding=\"async\" width=\"305\" height=\"344\" src=\"https:\/\/ucnj.org\/safe-streets\/wp-content\/uploads\/sites\/49\/2024\/11\/Community-Meetings.png\" alt=\"\" class=\"wp-image-68\" style=\"aspect-ratio:1;object-fit:contain;width:auto;height:135px\" srcset=\"https:\/\/ucnj.org\/safe-streets\/wp-content\/uploads\/sites\/49\/2024\/11\/Community-Meetings.png 305w, https:\/\/ucnj.org\/safe-streets\/wp-content\/uploads\/sites\/49\/2024\/11\/Community-Meetings-266x300.png 266w\" sizes=\"auto, (max-width: 305px) 100vw, 305px\" \/><\/figure>\n\n\n\n<p class=\"wp-block-paragraph\">\u00danete a nuestra Reuni\u00f3n Comunitaria Virtual para hablar sobre los lugares con mayor n\u00famero de accidentes en el Condado de Union y la Ciudad de Elizabeth, y comparte tus comentarios sobre las soluciones de dise\u00f1o, pol\u00edticas y estrategias operativas recomendadas para mejorar la seguridad.<\/p>\n\n\n\n<p class=\"has-primary-color has-text-color has-link-color wp-elements-c7afb656b5c4a050336f16af0bad22cd wp-block-paragraph\"><a href=\"https:\/\/linkprotect.cudasvc.com\/url?a=https%3a%2f%2fucnj.org%2fsafe-streets%2fwp-content%2fuploads%2fsites%2f49%2f2025%2f12%2fUnion-SS4A_Community-Meeting-PPT-2.pdf&amp;c=E,1,_F7jlZMPy9yLPlf2kyemgt3yioCZYWJ9YjSF7XbfvnP8Y9Vh_fZfxPro_9V0txpOQuKkNnU7V8wsCGjZJoHh9Fwp3SSMgNmtJL4zsUcc&amp;typo=1\">Ver Presentaci\u00f3n De La <strong>Condado De Union <\/strong>Reuni\u00f3n Comunitaria<\/a><\/p>\n\n\n\n<p class=\"has-primary-color has-text-color has-link-color wp-elements-fc66b541f2331dc25831ef836c69d567 wp-block-paragraph\"><a href=\"https:\/\/linkprotect.cudasvc.com\/url?a=https%3a%2f%2fucnj.org%2fsafe-streets%2fwp-content%2fuploads%2fsites%2f49%2f2025%2f12%2fElizabeth-SS4A_Community-Meeting-PPT.pdf&amp;c=E,1,WGb68wSuzy5lrHiQ8bXpIZxfZyPfnAWVxFC3p9pZpbbQE0HVldmIRV6_bEDNEkEspWBWCSm9Kew2x7QVKF6XWTc4hq2vSIvYIWiMB2e1TcTl7aLA7t7ike4zgqCH&amp;typo=1\">Ver Presentaci\u00f3n De La <strong>Ciudad De Elizabeth<\/strong> Reuni\u00f3n Comunitaria<\/a><\/p>\n<\/div>\n<\/div>\n\n\n\n<h5 class=\"wp-block-heading alignfull has-text-align-center has-subtle-background-background-color has-text-color has-background has-link-color wp-elements-84546892eca24d17ec2fbf053e228622\" style=\"color:#760f20\"><strong>\u00a1Mant\u00e9ngase en Contacto!<\/strong><\/h5>\n\n\n\n<div class=\"wp-block-columns alignwide is-layout-flex wp-container-core-columns-is-layout-7387b849 wp-block-columns-is-layout-flex\">\n<div class=\"wp-block-column is-layout-flow wp-block-column-is-layout-flow\">\n<p class=\"wp-block-paragraph\">Visite regularmente nuestro sitio web para mantenerse actualizado sobre el progreso del Plan de Acci\u00f3n de Calles Seguras para Todos, las actividades de divulgaci\u00f3n y las recomendaciones del estudio. A lo largo del invierno y la primavera de 2025, habr\u00e1 oportunidades para la participaci\u00f3n p\u00fablica y la retroalimentaci\u00f3n para dar forma a la visi\u00f3n del Plan de Acci\u00f3n de Calles Seguras para Todos.<\/p>\n<\/div>\n\n\n\n<div class=\"wp-block-column is-layout-flow wp-block-column-is-layout-flow\">\n<p class=\"wp-block-paragraph\"><strong>Reg\u00edstrese aqu\u00ed para recibir actualizaciones sobre el proyecto:<\/strong><\/p>\n\n\n<div id='wufoo-ssq6ock090n6i4'>\nFill out my <a href='https:\/\/unioncountynj.wufoo.com\/forms\/ssq6ock090n6i4'>online form<\/a>.\n<\/div>\n<script type='text\/javascript'>var ssq6ock090n6i4;(function(d, t) {\nvar s = d.createElement(t), options = {\n'userName'      : 'unioncountynj',    \n'formHash'      : 'ssq6ock090n6i4',    \n'autoResize'    :  true,   \n'height'        : '499',      \n'async'         :  true,          \n'header'        : 'hide',      \n'host'          : 'wufoo.com',    \n'entSource'     : 'wordpress',   \n'defaultValues' : ''     \n,'ssl'          :  1           };\ns.src = ('https:' == d.location.protocol ? 'https:\/\/' : 'http:\/\/') + 'secure.wufoo.com\/scripts\/embed\/form.js';\ns.onload = s.onreadystatechange = function() {\nvar rs = this.readyState; if (rs) if (rs != 'complete') if (rs != 'loaded') return;\ntry { ssq6ock090n6i4 = new WufooForm();ssq6ock090n6i4.initialize(options);ssq6ock090n6i4.display(); } catch (e) {}}\nvar scr = d.getElementsByTagName(t)[0], par = scr.parentNode; par.insertBefore(s, scr);\n})(document, 'script');<\/script> <noscript> <iframe height=\"499\" allowTransparency=\"true\" sandbox=\"allow-top-navigation allow-scripts allow-popups allow-forms allow-same-origin allow-popups-to-escape-sandbox\" frameborder=\"0\" scrolling=\"no\" style=\"width:100%;border:none;\"src=\"https:\/\/unioncountynj.wufoo.com\/embed\/ssq6ock090n6i4?entsource=wordpress\"><a href=\"https:\/\/unioncountynj.wufoo.com\/forms\/ssq6ock090n6i4?entsource=wordpress\" rel=\"nofollow\">Fill out my Wufoo form!<\/a><\/iframe> <\/noscript>\n<\/div>\n<\/div>\n\n\n\n<p class=\"wp-block-paragraph\"><\/p>\n","protected":false},"excerpt":{"rendered":"<p>Nos encantar\u00eda conocer su experiencia al usar las calles del Union County y la Ciudad de Elizabeth. Sus comentarios ayudar\u00e1n a desarrollar estrategias para hacer las calles m\u00e1s seguras para todos los usuarios de las v\u00edas. Resultados preliminares de divulgaci\u00f3n \u00a1Pop-Up! Alcance Comunitario Escuchamos a la comunidad sobre sus inquietudes e ideas en materia de&hellip;<\/p>\n","protected":false},"author":1,"featured_media":0,"parent":10,"menu_order":0,"comment_status":"closed","ping_status":"closed","template":"templates\/template-full-width.php","meta":{"_acf_changed":false,"_crdt_document":"","footnotes":""},"class_list":["post-79","page","type-page","status-publish","hentry"],"acf":[],"publishpress_future_action":{"enabled":false,"date":"1970-01-01 00:00:00","action":"","terms":[],"taxonomy":"","browser_timezone_offset":0},"jetpack_sharing_enabled":true,"_links":{"self":[{"href":"https:\/\/ucnj.org\/safe-streets\/wp-json\/wp\/v2\/pages\/79","targetHints":{"allow":["GET"]}}],"collection":[{"href":"https:\/\/ucnj.org\/safe-streets\/wp-json\/wp\/v2\/pages"}],"about":[{"href":"https:\/\/ucnj.org\/safe-streets\/wp-json\/wp\/v2\/types\/page"}],"author":[{"embeddable":true,"href":"https:\/\/ucnj.org\/safe-streets\/wp-json\/wp\/v2\/users\/1"}],"replies":[{"embeddable":true,"href":"https:\/\/ucnj.org\/safe-streets\/wp-json\/wp\/v2\/comments?post=79"}],"version-history":[{"count":0,"href":"https:\/\/ucnj.org\/safe-streets\/wp-json\/wp\/v2\/pages\/79\/revisions"}],"up":[{"embeddable":true,"href":"https:\/\/ucnj.org\/safe-streets\/wp-json\/wp\/v2\/pages\/10"}],"wp:attachment":[{"href":"https:\/\/ucnj.org\/safe-streets\/wp-json\/wp\/v2\/media?parent=79"}],"curies":[{"name":"wp","href":"https:\/\/api.w.org\/{rel}","templated":true}]}}